{"id":1234,"date":"2025-03-27T15:02:30","date_gmt":"2025-03-27T19:02:30","guid":{"rendered":"https:\/\/uniontaxiatl.com\/?page_id=1234"},"modified":"2025-03-28T19:43:00","modified_gmt":"2025-03-28T23:43:00","slug":"terminos-y-condiciones","status":"publish","type":"page","link":"https:\/\/uniontaxiatl.com\/en\/terminos-y-condiciones\/","title":{"rendered":"Terminos y condiciones"},"content":{"rendered":"<div data-elementor-type=\"wp-page\" data-elementor-id=\"1234\" class=\"elementor elementor-1234\" data-elementor-post-type=\"page\">\n\t\t\t\t<div class=\"elementor-element elementor-element-ed4e415 e-con-full e-flex e-con e-parent\" data-id=\"ed4e415\" data-element_type=\"container\" data-e-type=\"container\">\n\t\t\t\t<div class=\"elementor-element elementor-element-98ff1e1 elementor-widget elementor-widget-heading\" data-id=\"98ff1e1\" data-element_type=\"widget\" data-e-type=\"widget\" data-widget_type=\"heading.default\">\n\t\t\t\t<div class=\"elementor-widget-container\">\n\t\t\t\t\t<h2 class=\"elementor-heading-title elementor-size-default\">Terms and Conditions<\/h2>\t\t\t\t<\/div>\n\t\t\t\t<\/div>\n\t\t\t\t<div class=\"elementor-element elementor-element-0b2be41 elementor-widget elementor-widget-text-editor\" data-id=\"0b2be41\" data-element_type=\"widget\" data-e-type=\"widget\" data-widget_type=\"text-editor.default\">\n\t\t\t\t<div class=\"elementor-widget-container\">\n\t\t\t\t\t\t\t\t\t<p><strong>GENERAL REQUIREMENTS:<\/strong><\/p><ul><li>Todo futuro driver debe tener una licencia de conducir v\u00e1lida del estado.<\/li><li>Todo nuevo Driver debe tener experiencia en el manejo.<\/li><li>All new Drivers must be of legal age.<\/li><li>All new Drivers must have valid auto insurance, and if possible have rideshare coverage.<\/li><li>El driver, siempre se mantendr\u00e1 como contratista independiente y no como empleado de TAXI UNION LLC. Como contratista independiente, el driver ser\u00e1 el \u00fanico responsable de pagar todos los impuestos aplicables que surjan de los pagos realizados al mismo por medio de TAXI UNION LLC, incluidos, los impuestos sobre el trabajo por cuenta propia y seguro por discapacidad.<\/li><li>El driver, se compromete a indemnizar y eximir a TAXI UNION LLC de toda responsabilidad, reclamos, demandas o requisitos impuestos por la ley federal o estatal a las personas que trabajan por cuenta propia que Surjan de usted en virtud de estos t\u00e9rminos y condiciones.<\/li><li>El driver, acepta no hacer declaraciones, garant\u00edas o compromisos vinculantes en nombre de TAXI UNION LLC, ni se presentara como si tuviera alguna autoridad (sin el consentimiento previo por escrito de TAXI UNION, LLC.)<\/li><li>El driver es el \u00fanico responsable de alg\u00fan da\u00f1o, desgaste o p\u00e9rdida sufrida por el uso del autom\u00f3vil que utilice para trabajar como contratista independiente con TAXI UNION, LLC. Si el driver decide operar un veh\u00edculo motorizado en el desempe\u00f1o de sus deberes, el mismo es el responsable de mantener el seguro en los l\u00edmites, no inferiores a los requeridos por la ley de Georgia y deber\u00e1 proporcionar de inmediato a TAXI UNION, LLC, con documentaci\u00f3n que acredite la misma previa solicitud.<\/li><li>El driver acepta el deber y la obligaci\u00f3n de hacer el pago de la tarifa semanal el d\u00eda correspondiente a TAXI UNION, LLC. Esta obligaci\u00f3n de pago semanal es a cambio del uso del servicio de despacho, publicidad y material de identificaci\u00f3n de TAXI UNION, LLC.<\/li><\/ul><p><strong>VEHICLE REQUIREMENTS:<\/strong><\/p><ul><li>It must comply with certain maintenance regulations established by the State of Georgia.<\/li><li>Must have a current gas inspection.<\/li><li>Cleanliness must be fundamental.<\/li><li>All vehicles must have:<\/li><li>The trunk is unoccupied and the unit is clean and pleasant smelling.<\/li><li>Child seats are available for guests.<\/li><li>El Sticker de Uni\u00f3n, debe estar visible en la parte frontal del vidrio y en la parte trasera, al lado de la placa.<\/li><li>Los stickers no deben ser removidos bajo ninguna circunstancia, en caso de que as\u00ed sea, el driver deber\u00e1 asumir el costo de uno nuevo.<\/li><\/ul><p><strong>UNION TRAVEL<\/strong><\/p><ul><li>Los veh\u00edculos tipos sedan (4 puestos) deber\u00e1n tener en total disposici\u00f3n todos los asientos, sin costo adicional.<\/li><li>Los veh\u00edculos tipo Van y Pickup que requieran transportar pasajeros (mayor a 4 personas) o cargas adicionales, tendr\u00e1 un costo adicional, el mismo ser\u00e1 establecido por la base.<\/li><li>Los servicios comprendidos entre las 5 AM a 8.59 pm, tienen un 10% de descuento. Por lo cual, la tarifa m\u00ednima es de $5 durante el horario antes mencionado.<\/li><li>Los servicios comprendidos entre el horario 9 pm a 4.59 am se cobrar\u00e1n seg\u00fan lo que marque el tax\u00edmetro sin descuento, estableciendo como tarifa m\u00ednima $6<\/li><li>Los Trabajadores contar\u00e1n con un 20% de descuento en el servicio, este es v\u00e1lido las 24 horas del d\u00eda.<\/li><li>El costo del Delivery de comida es de $12 en un rango de 5 millas. De otros art\u00edculos que no sea comida ser\u00e1 de $15. Nota: esto siempre puede ser ajustado seg\u00fan lo acordado por la base.<\/li><li>Si el delivery es mayor a 5 millas desde la distancia del lugar de origen (restaurante o tienda) hasta el destino o son pedidos especiales, la tarifa ser\u00e1 establecida por la base.<\/li><li><span style=\"font-style: inherit; font-weight: inherit;\">At the moment of accepting a service in the application, the Driver must go immediately to the customer's pick-up point. The Driver who delays, completes or disconnects without first confirming with the base will be penalized. Unless he\/she can prove that something out of his\/her control happened.<\/span><\/li><li>The driver should use moderate and respectful language when addressing customers, base, supervisor or managers.<\/li><li>En ninguna circunstancia, el conductor puede dar o pedir su n\u00famero telef\u00f3nico al cliente. Esto es motivo de despido inmediato, sin derecho a devoluci\u00f3n del dinero cancelado durante la semana.<\/li><li>The rates of the services must be managed through the taximeter and the base, under no situation should the driver discuss with the client in relation to this or any other issue.<\/li><li>No est\u00e1 permitido el uso del celular, mientras el cliente este abordo de la unidad.<\/li><li>It is not allowed to make trips of the Union application, with a companion. Whether family or friend.<\/li><li>Si por alg\u00fan motivo el Driver se ve envuelto en un accidente, y se encuentra haciendo un viaje de la aplicaci\u00f3n, debe siempre, sin ninguna excepci\u00f3n, esperar a las autoridades competentes. Nunca debe retirarse del lugar del accidente, mucho menos si se encuentra con el cliente abordo. El Driver debe facilitar de prestar los servicios de asistencia al cliente, ya sea utilizando el seguro de la otra persona implicada (de ser el culpable) o su mismo seguro rideshare (de ser el Driver el culpable). El Driver es quien debe hacerse responsable de cualquier asistencia al cliente.<\/li><li>As\u00ed mismo, el driver debe notificar a TAXI UNION, LLC, como a su propio Seguro de responsabilidad civil, dentro de quince (15) d\u00edas posteriores a la fecha del accidente.<\/li><\/ul><ul><li><span style=\"font-style: inherit; font-weight: inherit;\">Basado en la informaci\u00f3n suministrada sobre los seguros rideshare en la casilla anterior y cualquier decisi\u00f3n tomada por el driver sobre el Seguro de su veh\u00edculo, solo el driver es el responsable de cualquier gasto o indemnizaci\u00f3n por accidente de auto mientras este prestando sus servicios para TAXI UNION, LLC; una vez el driver y el o los pasajeros est\u00e9n dentro del veh\u00edculo en el tiempo de cualquier servicio asignado por TAXI UNION, LLC, es el driver el responsable de garantizar y velar por la seguridad e integridad de los mismos. En caso de ocurrir alg\u00fan accidente que tenga perdidas de vidas, lesiones corporales, mentales o materiales, tanto suyo como de los pasajeros, la compa\u00f1\u00eda TAXI UNION, LLC, no entrar\u00eda en esta situaci\u00f3n, ya que es el Driver el \u00fanico responsable de contar con los seguros necesarios.<\/span><\/li><li>Dejando claro que UNION TAXI LLC no se har\u00e1 cargo ni responsable de ning\u00fan gasto o indemnizaci\u00f3n que aplique en caso de cualquier accidente o situaci\u00f3n antes nombrada.<\/li><\/ul><p><strong>REASONS FOR SUSPENSION:<\/strong><\/p><ul><li>First offense: 6 hours suspension.<\/li><li>Second offense: 24 hour suspension.<\/li><li>Tercera falta: causa de despido.<\/li><\/ul><p>Estas medidas quedan sujetas a cambios seg\u00fan\u00a0la\u00a0situaci\u00f3n.<\/p>\t\t\t\t\t\t\t\t<\/div>\n\t\t\t\t<\/div>\n\t\t\t\t<div class=\"elementor-element elementor-element-528acbd elementor-widget__width-initial e-transform elementor-invisible elementor-widget elementor-widget-image\" data-id=\"528acbd\" data-element_type=\"widget\" data-e-type=\"widget\" data-settings=\"{&quot;_animation&quot;:&quot;fadeInRight&quot;,&quot;_transform_skewX_effect_hover&quot;:{&quot;unit&quot;:&quot;px&quot;,&quot;size&quot;:-2,&quot;sizes&quot;:[]},&quot;_transform_skewX_effect_hover_tablet&quot;:{&quot;unit&quot;:&quot;deg&quot;,&quot;size&quot;:&quot;&quot;,&quot;sizes&quot;:[]},&quot;_transform_skewX_effect_hover_mobile&quot;:{&quot;unit&quot;:&quot;deg&quot;,&quot;size&quot;:&quot;&quot;,&quot;sizes&quot;:[]},&quot;_transform_skewY_effect_hover&quot;:{&quot;unit&quot;:&quot;px&quot;,&quot;size&quot;:&quot;&quot;,&quot;sizes&quot;:[]},&quot;_transform_skewY_effect_hover_tablet&quot;:{&quot;unit&quot;:&quot;deg&quot;,&quot;size&quot;:&quot;&quot;,&quot;sizes&quot;:[]},&quot;_transform_skewY_effect_hover_mobile&quot;:{&quot;unit&quot;:&quot;deg&quot;,&quot;size&quot;:&quot;&quot;,&quot;sizes&quot;:[]}}\" data-widget_type=\"image.default\">\n\t\t\t\t<div class=\"elementor-widget-container\">\n\t\t\t\t\t\t\t\t\t\t\t\t\t\t\t<img fetchpriority=\"high\" decoding=\"async\" width=\"872\" height=\"723\" src=\"https:\/\/i0.wp.com\/uniontaxiatl.com\/wp-content\/uploads\/2024\/09\/HOMBRE-CON-TAXI.png?fit=872%2C723&amp;ssl=1\" class=\"attachment-full size-full wp-image-305\" alt=\"\" srcset=\"https:\/\/i0.wp.com\/uniontaxiatl.com\/wp-content\/uploads\/2024\/09\/HOMBRE-CON-TAXI.png?w=872&amp;ssl=1 872w, https:\/\/i0.wp.com\/uniontaxiatl.com\/wp-content\/uploads\/2024\/09\/HOMBRE-CON-TAXI.png?resize=300%2C249&amp;ssl=1 300w, https:\/\/i0.wp.com\/uniontaxiatl.com\/wp-content\/uploads\/2024\/09\/HOMBRE-CON-TAXI.png?resize=768%2C637&amp;ssl=1 768w\" sizes=\"(max-width: 800px) 100vw, 800px\" \/>\t\t\t\t\t\t\t\t\t\t\t\t\t\t\t<\/div>\n\t\t\t\t<\/div>\n\t\t\t\t<\/div>\n\t\t\t\t<\/div>","protected":false},"excerpt":{"rendered":"<p>T\u00e9rminos y condiciones REQUISITOS GENERALES: Todo futuro driver debe tener una licencia de conducir v\u00e1lida del estado. Todo nuevo Driver debe tener experiencia en el manejo. Todo nuevo Driver debe ser mayor de edad. Todo nuevo Driver debe contar con seguro de auto v\u00e1lido, y de ser posible contar con la cobertura rideshare. El driver, [&hellip;]<\/p>\n","protected":false},"author":1,"featured_media":0,"parent":0,"menu_order":0,"comment_status":"closed","ping_status":"closed","template":"","meta":{"nf_dc_page":"","_monsterinsights_skip_tracking":false,"_monsterinsights_sitenote_active":false,"_monsterinsights_sitenote_note":"","_monsterinsights_sitenote_category":0,"footnotes":""},"class_list":["post-1234","page","type-page","status-publish","hentry"],"yoast_head":"<!-- This site is optimized with the Yoast SEO plugin v27.5 - https:\/\/yoast.com\/product\/yoast-seo-wordpress\/ -->\n<title>Terminos y condiciones - Taxi Uni\u00f3n | L\u00ednea de taxi N.\u00ba 1 en Atlanta<\/title>\n<meta name=\"robots\" content=\"index, follow, max-snippet:-1, max-image-preview:large, max-video-preview:-1\" \/>\n<link rel=\"canonical\" href=\"https:\/\/uniontaxiatl.com\/en\/terminos-y-condiciones\/\" \/>\n<meta property=\"og:locale\" content=\"en_US\" \/>\n<meta property=\"og:type\" content=\"article\" \/>\n<meta property=\"og:title\" content=\"Terminos y condiciones - Taxi Uni\u00f3n | L\u00ednea de taxi N.\u00ba 1 en Atlanta\" \/>\n<meta property=\"og:description\" content=\"T\u00e9rminos y condiciones REQUISITOS GENERALES: Todo futuro driver debe tener una licencia de conducir v\u00e1lida del estado. Todo nuevo Driver debe tener experiencia en el manejo. Todo nuevo Driver debe ser mayor de edad. Todo nuevo Driver debe contar con seguro de auto v\u00e1lido, y de ser posible contar con la cobertura rideshare. El driver, [&hellip;]\" \/>\n<meta property=\"og:url\" content=\"https:\/\/uniontaxiatl.com\/en\/terminos-y-condiciones\/\" \/>\n<meta property=\"og:site_name\" content=\"Taxi Uni\u00f3n | L\u00ednea de taxi N.\u00ba 1 en Atlanta\" \/>\n<meta property=\"article:modified_time\" content=\"2025-03-28T23:43:00+00:00\" \/>\n<meta property=\"og:image\" content=\"https:\/\/uniontaxiatl.com\/wp-content\/uploads\/2024\/09\/HOMBRE-CON-TAXI.png\" \/>\n<meta name=\"twitter:card\" content=\"summary_large_image\" \/>\n<meta name=\"twitter:label1\" content=\"Est. reading time\" \/>\n\t<meta name=\"twitter:data1\" content=\"6 minutes\" \/>\n<script type=\"application\/ld+json\" class=\"yoast-schema-graph\">{\"@context\":\"https:\\\/\\\/schema.org\",\"@graph\":[{\"@type\":\"WebPage\",\"@id\":\"https:\\\/\\\/uniontaxiatl.com\\\/terminos-y-condiciones\\\/\",\"url\":\"https:\\\/\\\/uniontaxiatl.com\\\/terminos-y-condiciones\\\/\",\"name\":\"Terminos y condiciones - Taxi Uni\u00f3n | L\u00ednea de taxi N.\u00ba 1 en Atlanta\",\"isPartOf\":{\"@id\":\"https:\\\/\\\/uniontaxiatl.com\\\/#website\"},\"primaryImageOfPage\":{\"@id\":\"https:\\\/\\\/uniontaxiatl.com\\\/terminos-y-condiciones\\\/#primaryimage\"},\"image\":{\"@id\":\"https:\\\/\\\/uniontaxiatl.com\\\/terminos-y-condiciones\\\/#primaryimage\"},\"thumbnailUrl\":\"https:\\\/\\\/uniontaxiatl.com\\\/wp-content\\\/uploads\\\/2024\\\/09\\\/HOMBRE-CON-TAXI.png\",\"datePublished\":\"2025-03-27T19:02:30+00:00\",\"dateModified\":\"2025-03-28T23:43:00+00:00\",\"breadcrumb\":{\"@id\":\"https:\\\/\\\/uniontaxiatl.com\\\/terminos-y-condiciones\\\/#breadcrumb\"},\"inLanguage\":\"en-US\",\"potentialAction\":[{\"@type\":\"ReadAction\",\"target\":[\"https:\\\/\\\/uniontaxiatl.com\\\/terminos-y-condiciones\\\/\"]}]},{\"@type\":\"ImageObject\",\"inLanguage\":\"en-US\",\"@id\":\"https:\\\/\\\/uniontaxiatl.com\\\/terminos-y-condiciones\\\/#primaryimage\",\"url\":\"https:\\\/\\\/uniontaxiatl.com\\\/wp-content\\\/uploads\\\/2024\\\/09\\\/HOMBRE-CON-TAXI.png\",\"contentUrl\":\"https:\\\/\\\/uniontaxiatl.com\\\/wp-content\\\/uploads\\\/2024\\\/09\\\/HOMBRE-CON-TAXI.png\"},{\"@type\":\"BreadcrumbList\",\"@id\":\"https:\\\/\\\/uniontaxiatl.com\\\/terminos-y-condiciones\\\/#breadcrumb\",\"itemListElement\":[{\"@type\":\"ListItem\",\"position\":1,\"name\":\"Home\",\"item\":\"https:\\\/\\\/uniontaxiatl.com\\\/\"},{\"@type\":\"ListItem\",\"position\":2,\"name\":\"Terminos y condiciones\"}]},{\"@type\":\"WebSite\",\"@id\":\"https:\\\/\\\/uniontaxiatl.com\\\/#website\",\"url\":\"https:\\\/\\\/uniontaxiatl.com\\\/\",\"name\":\"Taxi Uni\u00f3n | L\u00ednea de taxi N\u00ba 1 en Atlanta\",\"description\":\"\",\"publisher\":{\"@id\":\"https:\\\/\\\/uniontaxiatl.com\\\/#organization\"},\"potentialAction\":[{\"@type\":\"SearchAction\",\"target\":{\"@type\":\"EntryPoint\",\"urlTemplate\":\"https:\\\/\\\/uniontaxiatl.com\\\/?s={search_term_string}\"},\"query-input\":{\"@type\":\"PropertyValueSpecification\",\"valueRequired\":true,\"valueName\":\"search_term_string\"}}],\"inLanguage\":\"en-US\"},{\"@type\":\"Organization\",\"@id\":\"https:\\\/\\\/uniontaxiatl.com\\\/#organization\",\"name\":\"Taxi Uni\u00f3n\",\"url\":\"https:\\\/\\\/uniontaxiatl.com\\\/\",\"logo\":{\"@type\":\"ImageObject\",\"inLanguage\":\"en-US\",\"@id\":\"https:\\\/\\\/uniontaxiatl.com\\\/#\\\/schema\\\/logo\\\/image\\\/\",\"url\":\"https:\\\/\\\/i0.wp.com\\\/uniontaxiatl.com\\\/wp-content\\\/uploads\\\/2024\\\/09\\\/cropped-Taxi-Union-Isotipo-Rosado-1.png?fit=512%2C512&ssl=1\",\"contentUrl\":\"https:\\\/\\\/i0.wp.com\\\/uniontaxiatl.com\\\/wp-content\\\/uploads\\\/2024\\\/09\\\/cropped-Taxi-Union-Isotipo-Rosado-1.png?fit=512%2C512&ssl=1\",\"width\":512,\"height\":512,\"caption\":\"Taxi Uni\u00f3n\"},\"image\":{\"@id\":\"https:\\\/\\\/uniontaxiatl.com\\\/#\\\/schema\\\/logo\\\/image\\\/\"},\"sameAs\":[\"https:\\\/\\\/www.instagram.com\\\/uniontaxi_\\\/\"]}]}<\/script>\n<!-- \/ Yoast SEO plugin. -->","yoast_head_json":{"title":"Terminos y condiciones - Taxi Uni\u00f3n | L\u00ednea de taxi N.\u00ba 1 en Atlanta","robots":{"index":"index","follow":"follow","max-snippet":"max-snippet:-1","max-image-preview":"max-image-preview:large","max-video-preview":"max-video-preview:-1"},"canonical":"https:\/\/uniontaxiatl.com\/en\/terminos-y-condiciones\/","og_locale":"en_US","og_type":"article","og_title":"Terminos y condiciones - Taxi Uni\u00f3n | L\u00ednea de taxi N.\u00ba 1 en Atlanta","og_description":"T\u00e9rminos y condiciones REQUISITOS GENERALES: Todo futuro driver debe tener una licencia de conducir v\u00e1lida del estado. Todo nuevo Driver debe tener experiencia en el manejo. Todo nuevo Driver debe ser mayor de edad. Todo nuevo Driver debe contar con seguro de auto v\u00e1lido, y de ser posible contar con la cobertura rideshare. El driver, [&hellip;]","og_url":"https:\/\/uniontaxiatl.com\/en\/terminos-y-condiciones\/","og_site_name":"Taxi Uni\u00f3n | L\u00ednea de taxi N.\u00ba 1 en Atlanta","article_modified_time":"2025-03-28T23:43:00+00:00","og_image":[{"url":"https:\/\/uniontaxiatl.com\/wp-content\/uploads\/2024\/09\/HOMBRE-CON-TAXI.png","type":"","width":"","height":""}],"twitter_card":"summary_large_image","twitter_misc":{"Est. reading time":"6 minutes"},"schema":{"@context":"https:\/\/schema.org","@graph":[{"@type":"WebPage","@id":"https:\/\/uniontaxiatl.com\/terminos-y-condiciones\/","url":"https:\/\/uniontaxiatl.com\/terminos-y-condiciones\/","name":"Terminos y condiciones - Taxi Uni\u00f3n | L\u00ednea de taxi N.\u00ba 1 en Atlanta","isPartOf":{"@id":"https:\/\/uniontaxiatl.com\/#website"},"primaryImageOfPage":{"@id":"https:\/\/uniontaxiatl.com\/terminos-y-condiciones\/#primaryimage"},"image":{"@id":"https:\/\/uniontaxiatl.com\/terminos-y-condiciones\/#primaryimage"},"thumbnailUrl":"https:\/\/uniontaxiatl.com\/wp-content\/uploads\/2024\/09\/HOMBRE-CON-TAXI.png","datePublished":"2025-03-27T19:02:30+00:00","dateModified":"2025-03-28T23:43:00+00:00","breadcrumb":{"@id":"https:\/\/uniontaxiatl.com\/terminos-y-condiciones\/#breadcrumb"},"inLanguage":"en-US","potentialAction":[{"@type":"ReadAction","target":["https:\/\/uniontaxiatl.com\/terminos-y-condiciones\/"]}]},{"@type":"ImageObject","inLanguage":"en-US","@id":"https:\/\/uniontaxiatl.com\/terminos-y-condiciones\/#primaryimage","url":"https:\/\/uniontaxiatl.com\/wp-content\/uploads\/2024\/09\/HOMBRE-CON-TAXI.png","contentUrl":"https:\/\/uniontaxiatl.com\/wp-content\/uploads\/2024\/09\/HOMBRE-CON-TAXI.png"},{"@type":"BreadcrumbList","@id":"https:\/\/uniontaxiatl.com\/terminos-y-condiciones\/#breadcrumb","itemListElement":[{"@type":"ListItem","position":1,"name":"Home","item":"https:\/\/uniontaxiatl.com\/"},{"@type":"ListItem","position":2,"name":"Terminos y condiciones"}]},{"@type":"WebSite","@id":"https:\/\/uniontaxiatl.com\/#website","url":"https:\/\/uniontaxiatl.com\/","name":"Taxi Uni\u00f3n | L\u00ednea de taxi N\u00ba 1 en Atlanta","description":"","publisher":{"@id":"https:\/\/uniontaxiatl.com\/#organization"},"potentialAction":[{"@type":"SearchAction","target":{"@type":"EntryPoint","urlTemplate":"https:\/\/uniontaxiatl.com\/?s={search_term_string}"},"query-input":{"@type":"PropertyValueSpecification","valueRequired":true,"valueName":"search_term_string"}}],"inLanguage":"en-US"},{"@type":"Organization","@id":"https:\/\/uniontaxiatl.com\/#organization","name":"Taxi Uni\u00f3n","url":"https:\/\/uniontaxiatl.com\/","logo":{"@type":"ImageObject","inLanguage":"en-US","@id":"https:\/\/uniontaxiatl.com\/#\/schema\/logo\/image\/","url":"https:\/\/i0.wp.com\/uniontaxiatl.com\/wp-content\/uploads\/2024\/09\/cropped-Taxi-Union-Isotipo-Rosado-1.png?fit=512%2C512&ssl=1","contentUrl":"https:\/\/i0.wp.com\/uniontaxiatl.com\/wp-content\/uploads\/2024\/09\/cropped-Taxi-Union-Isotipo-Rosado-1.png?fit=512%2C512&ssl=1","width":512,"height":512,"caption":"Taxi Uni\u00f3n"},"image":{"@id":"https:\/\/uniontaxiatl.com\/#\/schema\/logo\/image\/"},"sameAs":["https:\/\/www.instagram.com\/uniontaxi_\/"]}]}},"jetpack_sharing_enabled":true,"_links":{"self":[{"href":"https:\/\/uniontaxiatl.com\/en\/wp-json\/wp\/v2\/pages\/1234","targetHints":{"allow":["GET"]}}],"collection":[{"href":"https:\/\/uniontaxiatl.com\/en\/wp-json\/wp\/v2\/pages"}],"about":[{"href":"https:\/\/uniontaxiatl.com\/en\/wp-json\/wp\/v2\/types\/page"}],"author":[{"embeddable":true,"href":"https:\/\/uniontaxiatl.com\/en\/wp-json\/wp\/v2\/users\/1"}],"replies":[{"embeddable":true,"href":"https:\/\/uniontaxiatl.com\/en\/wp-json\/wp\/v2\/comments?post=1234"}],"version-history":[{"count":5,"href":"https:\/\/uniontaxiatl.com\/en\/wp-json\/wp\/v2\/pages\/1234\/revisions"}],"predecessor-version":[{"id":1265,"href":"https:\/\/uniontaxiatl.com\/en\/wp-json\/wp\/v2\/pages\/1234\/revisions\/1265"}],"wp:attachment":[{"href":"https:\/\/uniontaxiatl.com\/en\/wp-json\/wp\/v2\/media?parent=1234"}],"curies":[{"name":"wp","href":"https:\/\/api.w.org\/{rel}","templated":true}]}}